{"id":3,"date":"2024-07-03T23:54:10","date_gmt":"2024-07-03T23:54:10","guid":{"rendered":"https:\/\/amocdmx.travel\/guia-comida-callejera\/?page_id=3"},"modified":"2024-08-27T21:35:47","modified_gmt":"2024-08-28T03:35:47","slug":"politica-privacidad","status":"publish","type":"page","link":"https:\/\/amocdmx.travel\/guia-comida-callejera\/politica-privacidad\/","title":{"rendered":"Aviso de Privacidad"},"content":{"rendered":"\n<h1 class=\"wp-block-heading\"><strong>\u00daltima actualizaci\u00f3n: Julio de 2024.<\/strong><\/h1>\n\n\n\n<p>Es la entidad responsable del tratamiento de sus datos personales, mismos que se recaban a trav\u00e9s del sitio de internet https:\/\/amocdmx.travel\/guia-comida-callejera\/ (el \u201cSitio de Internet\u201d). En AmoM\u00e9xico entendemos la relevancia de proteger la privacidad de los usuarios con los que interactuamos d\u00eda a d\u00eda (los \u201ctitulares de datos\u201d, los \u201csujetos\u201d, los \u201cusuarios\u201d o \u201custed\u201d). El presente Aviso de Privacidad contiene informaci\u00f3n importante para los usuarios del Sitio de Internet y explica la forma en que obtenemos, utilizamos y compartimos sus datos personales y los derechos con los que usted cuenta. En la el Sitio de Internet nos comprometemos a tratar sus datos personales conforme a los principios de licitud, calidad, consentimiento, informaci\u00f3n, finalidad, lealtad, proporcionalidad y responsabilidad establecidos en la Ley Federal de Protecci\u00f3n de Datos Personales en Posesi\u00f3n de los Particulares (la \u201cLey\u201d).<\/p>\n\n\n\n<p><strong>MEDIOS A TRAV\u00c9S DE LOS CUALES OBTENEMOS SUS DATOS PERSONALES<\/strong><\/p>\n\n\n\n<p>Obtenemos sus datos de manera directa, cuando usted nos proporciona directamente dichos datos a trav\u00e9s del Sitio de Internet. Esto sucede cuando usted completa nuestro formulario\/cuestionario para inscribirse al \u201cNewsletter\u201d o se registra como Usuario, generando un perfil.<\/p>\n\n\n\n<p><strong>DATOS PERSONALES QUE SE RECABAN<\/strong><\/p>\n\n\n\n<p>Los datos personales que podr\u00e1 recabar y tratar el Sitio de Internet son: a. Datos de identificaci\u00f3n: Informaci\u00f3n que permite diferenciarlo de otros individuos, en espec\u00edfico: nombre, edad y g\u00e9nero. Cuando se registra como Usuario, podremos recabar datos de identificaci\u00f3n de su perfil de Facebook o de su cuenta personal de Google, siempre y cuando se registre vinculando su perfil desde dichas plataformas. b. Datos de contacto: Informaci\u00f3n que nos permite mantenernos en contacto con usted, en espec\u00edfico: correo electr\u00f3nico. c. Perfil de Usuario: Cuando decide publicar contenido y completar su perfil de Usuario, se le solicitar\u00e1 que proporcione nombre, apellido, alias, correo electr\u00f3nico, fecha de nacimiento completa, biograf\u00eda de no m\u00e1s de 300 caracteres y redes sociales. Si decide registrarse vinculando su cuenta de Facebook o Google, aparecer\u00e1 su nombre, apellido y alias como aparece en dichas plataformas. d. Registros electr\u00f3nicos: Esta informaci\u00f3n incluye ciertos datos que son obtenidos cuando usted accede a nuestra Sitio de Internet e incluyen: datos que son obtenidos a trav\u00e9s de cookies en nuestro Sitio Web, tales como direcci\u00f3n IP con la que accede al Sitio web, preferencias de usuario, tipo de navegador, actividad en el sitio, y p\u00e1ginas anteriormente visitadas. AmoM\u00e9xico no recaba datos considerados como sensibles por la Ley.<\/p>\n\n\n\n<p><strong>USOS DE SUS DATOS PERSONALES<\/strong><\/p>\n\n\n\n<p>Sus datos personales ser\u00e1n utilizados para hacerle llegar nuestro \u201cNewsletter\u201d, enviarle informaci\u00f3n de inter\u00e9s sobre nuestros productos y servicios, as\u00ed como mantenernos en contacto con usted. Si se ha registrado como Usuario, cada vez que publique un art\u00edculo al final del mismo aparecer\u00e1 una ficha con su nombre o alias, redes sociales y biograf\u00eda. Lo anterior, a fin de acercarlo a nuestros lectores.<\/p>\n\n\n\n<p><strong>OBTENCI\u00d3N DE DATOS A TRAV\u00c9S DE COOKIES Y OTRAS TECNOLOG\u00cdAS<\/strong><\/p>\n\n\n\n<p>Le informamos que nuestro Sitio de Internet utiliza cookies y\/o tecnolog\u00edas similares. Una cookie es un archivo de datos que se almacena en el disco duro de su equipo de c\u00f3mputo o del dispositivo de comunicaciones electr\u00f3nicas que usted usa al navegar en nuestro sitio web, el cual permite intercambiar informaci\u00f3n de estado entre nuestro sitio web y su navegador. La informaci\u00f3n de estado puede revelar medios de identificaci\u00f3n de sesi\u00f3n, autenticaci\u00f3n o preferencias del usuario, as\u00ed como cualquier dato almacenado por el navegador respecto al Sitio de Internet. Los datos obtenidos por este medio nos permiten ofrecerle un mejor servicio a trav\u00e9s de nuestro Sitio Web. La mayor\u00eda de navegadores web permiten gestionar sus preferencias de cookies. Para bloquear las cookies, usted puede ajustar su navegador para que rechace cookies o elimine determinadas cookies. Por lo general tambi\u00e9n deber\u00eda ser capaz de gestionar tecnolog\u00edas similares del mismo modo que gestiona las cookies -utilizando sus preferencias del navegador. El sitio de Internet trabaja con Google Analytics, DoubleClick y otros proveedores de servicios que utilizan tecnolog\u00eda para ayudarnos a ofrecer nuestros propios contenidos, ofrecer publicidad dirigida y obtener m\u00e9tricas an\u00f3nimas o disociadas y an\u00e1lisis del sitio. En los contratos correspondientes, solicitamos a estas empresas utilizar la informaci\u00f3n que obtienen s\u00f3lo para proporcionarnos los servicios que requerimos. Aunque estas empresas utilizan alguna informaci\u00f3n an\u00f3nima sobre usted para mostrar anuncios, prohibimos contractualmente a estas empresas obtener datos personales acerca de usted. Usted tiene la opci\u00f3n de solicitar ser inhabilitado de Google Analytics para la publicidad de display y personalizar los anuncios de la Red de Display de Google aqu\u00ed. Asimismo, informamos que podemos colocar cookies y\/o tecnolog\u00edas similares de terceros (como otras empresas del grupo o empresas afiliadas) en nuestro sitio web para obtener informaci\u00f3n an\u00f3nima y disociada de usted con fines estad\u00edsticos. Le informamos que dicho tratamiento se lleva a cabo bajo las mismas condiciones contractuales que se establecen en el p\u00e1rrafo anterior.<\/p>\n\n\n\n<p><strong>TRANSFERENCIA DE DATOS PERSONALES Y REMISI\u00d3N DE LA INFORMACI\u00d3N OBTENIDA<\/strong><\/p>\n\n\n\n<p> AmoM\u00e9xico le informa que sus Datos Personales podr\u00e1n ser compartidos dentro o fuera del pa\u00eds con las siguientes personas, empresas, organizaciones o autoridades: \u2022 Transferencia de datos personales a nuestras afiliadas. En tanto que  AmoM\u00e9xico forma parte de un grupo internacional, sus datos personales pueden ser comunicados o transferidos a otras empresas del grupo, mismas que pueden estar ubicadas en otro pa\u00eds, a fin de cumplir con las finalidades descritas en el presente. \u2022 Transferencias de datos personales a terceros. Sus datos personales podr\u00e1n ser comunicados o transferidos a un tercero cuando contemos con su consentimiento o cuando \u00e9ste no sea necesario para la transferencia en t\u00e9rminos del art\u00edculo 37 de la Ley. Usted acepta espec\u00edficamente que sus datos sean transferidos a terceros en los siguientes casos: (i) cuando  AmoM\u00e9xico deba transferir los datos a las autoridades competentes, encargadas de la procuraci\u00f3n o administraci\u00f3n de justicia, cuando por mandato judicial as\u00ed nos lo requieran; (ii) cuando los datos requieran ser transferidos a un tercero en el contexto de una transacci\u00f3n corporativa (incluyendo fusiones, adquisiciones, entre otras).<\/p>\n\n\n\n<p><strong>EJERCICIO DE DERECHOS ARCO; REVOCACI\u00d3N DE CONSENTIMIENTO<\/strong><\/p>\n\n\n\n<p>Usted goza, en todo momento, del derecho para solicitar a  AmoM\u00e9xico el acceso a sus datos personales, a la rectificaci\u00f3n de los mismos cuando sean inexactos o se encuentren desactualizados; asimismo, usted podr\u00e1 solicitar que sus datos sean cancelados, cuando hayan dejado de ser necesarios para las finalidad para los cuales los proporcion\u00f3, oponerse a que  AmoM\u00e9xico trate dichos datos para fines espec\u00edficos (\u201cDerechos ARCO\u201d) y\/o revocar el consentimiento que previamente nos haya otorgado para tratarlos. Por favor considere que sus Derechos ARCO est\u00e1n sujetos a las limitaciones que establecen las leyes aplicables y que es posible que, en algunos casos, su solicitud no resulte procedente. Para ejercitar dichos derechos o para formular cualquier duda o queja con relaci\u00f3n al tratamiento de sus datos personales por favor contacte a nuestro Departamento de Datos Personales (\u201cDDP\u201d). Por favor dirija su solicitud a: info@amomexico.travel , en atenci\u00f3n al \u201cResponsable del Departamento de Datos Personales\u201d. Sus solicitudes ser\u00e1n evaluadas en los t\u00e9rminos establecidos en la Ley. Es necesario que para las solicitudes de acceso, rectificaci\u00f3n, cancelaci\u00f3n y oposici\u00f3n nos haga llegar la siguiente informaci\u00f3n: (i) nombre del titular y domicilio u otro medio para comunicarle la respuesta a su solicitud; (ii) los documentos que acrediten la identidad o, en su caso, la representaci\u00f3n legal del titular; (iii) la descripci\u00f3n clara y precisa de los datos personales respecto de los que se busca ejercer alguno de los derechos, y (iv) cualquier otro elemento o documento que facilite la localizaci\u00f3n de los datos personales. La obligaci\u00f3n de acceso a la informaci\u00f3n se dar\u00e1 por cumplida cuando se pongan a disposici\u00f3n del titular los datos personales o mediante la expedici\u00f3n de copias simples o documentos electr\u00f3nicos, seg\u00fan resulte m\u00e1s sencillo.<\/p>\n\n\n\n<p><strong>OPCIONES Y MEDIOS PARA LIMITAR EL USO O DIVULGACI\u00d3N DE DATOS PERSONALES<\/strong><\/p>\n\n\n\n<p>En general, cuando recabemos datos personales de usted con respecto a una finalidad que consideremos no es necesaria o esencial en el contexto de nuestra relaci\u00f3n jur\u00eddica con usted, pondremos a su disposici\u00f3n un mecanismo que le permita manifestar su negativa para que tratemos sus datos para ese fin. Este mecanismo estar\u00e1 disponible antes de recabar sus datos; asimismo, estos mecanismos estar\u00e1n disponibles en todo momento, y para poder manifestar su negativa, bastar\u00e1 que usted formule su solicitud en t\u00e9rminos de la cl\u00e1usula anterior. Si usted desea saber acerca de otras opciones que pudieran estar disponibles para que usted pueda limitar el uso o divulgaci\u00f3n que hacemos de sus datos personales, por favor env\u00edenos un correo electr\u00f3nico a  info@amomexico.travel <\/p>\n\n\n\n<p><strong>MEDIDAS PARA PROTEGER LOS DATOS PERSONALES<\/strong><\/p>\n\n\n\n<p> AmoM\u00e9xico ha implementado y mantiene medidas de seguridad administrativas, f\u00edsicas, y t\u00e9cnicas para proteger sus datos personales contra da\u00f1o, p\u00e9rdida, alteraci\u00f3n, destrucci\u00f3n o el uso, accesos o tratamiento no autorizados.<\/p>\n\n\n\n<p><strong>MODIFICACIONES A ESTE AVISO DE PRIVACIDAD<\/strong><\/p>\n\n\n\n<p> AmoM\u00e9xico se reserva el derecho de modificar o actualizar este Aviso de Privacidad en cualquier momento, en cuyo caso, se publicar\u00e1 una nota visible en el Sitio de Internet, o se le har\u00e1 llegar la versi\u00f3n modificada a trav\u00e9s de correo electr\u00f3nico o de alg\u00fan otro medio de comunicaci\u00f3n que tengamos con Usted. En la publicaci\u00f3n se har\u00e1 notar la fecha de la \u00faltima actualizaci\u00f3n. Si usted no est\u00e1 de acuerdo con las modificaciones realizadas al Aviso de Privacidad, por favor cont\u00e1ctenos al correo info@amomexico.travel y abst\u00e9ngase de hacer uso de nuestro Sitio de Internet. El uso continuo de nuestro Sitio de Internet representa su consentimiento y acuerdo con el nuevo Aviso de Privacidad.<\/p>\n\n\n\n<p><strong> AmoM\u00e9xico lo invita a revisar peri\u00f3dicamente nuestro Aviso de Privacidad.<\/strong><\/p>\n","protected":false},"excerpt":{"rendered":"<p>\u00daltima actualizaci\u00f3n: Julio de 2024. Es la entidad responsable del tratamiento de sus datos personales, mismos que se recaban a trav\u00e9s del sitio de internet https:\/\/amocdmx.travel\/guia-comida-callejera\/ (el \u201cSitio de Internet\u201d). En AmoM\u00e9xico entendemos la relevancia de proteger la privacidad de los usuarios con los que interactuamos d\u00eda a d\u00eda (los \u201ctitulares de datos\u201d, los \u201csujetos\u201d, [&hellip;]<\/p>\n","protected":false},"author":4,"featured_media":0,"parent":0,"menu_order":0,"comment_status":"closed","ping_status":"open","template":"","meta":{"_acf_changed":false,"footnotes":""},"class_list":["post-3","page","type-page","status-publish","hentry"],"acf":[],"aioseo_notices":[],"_links":{"self":[{"href":"https:\/\/amocdmx.travel\/guia-comida-callejera\/wp-json\/wp\/v2\/pages\/3","targetHints":{"allow":["GET"]}}],"collection":[{"href":"https:\/\/amocdmx.travel\/guia-comida-callejera\/wp-json\/wp\/v2\/pages"}],"about":[{"href":"https:\/\/amocdmx.travel\/guia-comida-callejera\/wp-json\/wp\/v2\/types\/page"}],"author":[{"embeddable":true,"href":"https:\/\/amocdmx.travel\/guia-comida-callejera\/wp-json\/wp\/v2\/users\/4"}],"replies":[{"embeddable":true,"href":"https:\/\/amocdmx.travel\/guia-comida-callejera\/wp-json\/wp\/v2\/comments?post=3"}],"version-history":[{"count":4,"href":"https:\/\/amocdmx.travel\/guia-comida-callejera\/wp-json\/wp\/v2\/pages\/3\/revisions"}],"predecessor-version":[{"id":374,"href":"https:\/\/amocdmx.travel\/guia-comida-callejera\/wp-json\/wp\/v2\/pages\/3\/revisions\/374"}],"wp:attachment":[{"href":"https:\/\/amocdmx.travel\/guia-comida-callejera\/wp-json\/wp\/v2\/media?parent=3"}],"curies":[{"name":"wp","href":"https:\/\/api.w.org\/{rel}","templated":true}]}}