{"id":126,"date":"2024-07-14T01:56:01","date_gmt":"2024-07-14T07:56:01","guid":{"rendered":"https:\/\/amocdmx.travel\/guia-comida-callejera\/?page_id=126"},"modified":"2024-07-18T21:04:41","modified_gmt":"2024-07-19T03:04:41","slug":"personajes","status":"publish","type":"page","link":"https:\/\/amocdmx.travel\/guia-comida-callejera\/personajes\/","title":{"rendered":"Personajes de la comida callejera"},"content":{"rendered":"\n<p>Los oficios de la comida callejera, y quienes los ejercen, mantienen viva su esencia. Nos antojan y preservan tradiciones que enriquecen la cultura citadina. Por eso, los honramos.<\/p>\n\n\n\n<p>A las seis de la ma\u00f1ana ya hay pan y caf\u00e9 en canastas y termos sobre un triciclo. Aunque quien pedalea no hornea, lo llamamos \u00abel panadero del triciclo\u00bb y su oficio es tan antiguo como las panader\u00edas donde se abastece antes del amanecer. Su labor es indispensable para una ciudad que necesita caf\u00e9 para despertar y pan dulce para hacerlo de buenas.<\/p>\n\n\n\n<p>El merenguero es m\u00e1s discreto pero admirable. Su oficio es de riesgo y destreza, prepara gazntes delicados como una artesan\u00eda y luego los equilibra en una charola sobre la cabeza mientras camina y pregona: \u00ab\u00a1Merengues, hay merengues!\u00bb.<\/p>\n\n\n\n<p>Tambi\u00e9n est\u00e1 el tortero, con su tiendita o puesto sobre la banqueta; el barbacollero, que aparece los fines de semana o en d\u00edas de tianguis y, entre muchos m\u00e1s, el camotero, que brilla por la profunda nostalgia que evoca el silbido de su carrito. Preg\u00f3n sin preg\u00f3n, su sonido melanc\u00f3lico dibuja un M\u00e9xico antiguo, cuando hab\u00eda m\u00e1s tiempo para disfrutar de unos pl\u00e1tanos calientitos con crema y canela. M\u00e1s que un oficio, es una fuerza que nos empuja a la calma.<\/p>\n\n\n\n<p>\u00a1Larga vida a quienes dedican su vida a los oficios de la comida ambulante!<\/p>\n","protected":false},"excerpt":{"rendered":"<p>Los oficios de la comida callejera, y quienes los ejercen, mantienen viva su esencia. Nos antojan y preservan tradiciones que enriquecen la cultura citadina. Por eso, los honramos. A las seis de la ma\u00f1ana ya hay pan y caf\u00e9 en canastas y termos sobre un triciclo. Aunque quien pedalea no hornea, lo llamamos \u00abel panadero [&hellip;]<\/p>\n","protected":false},"author":4,"featured_media":347,"parent":0,"menu_order":0,"comment_status":"closed","ping_status":"closed","template":"templates\/personajes.php","meta":{"_acf_changed":false,"footnotes":""},"class_list":["post-126","page","type-page","status-publish","has-post-thumbnail","hentry"],"acf":[],"aioseo_notices":[],"_links":{"self":[{"href":"https:\/\/amocdmx.travel\/guia-comida-callejera\/wp-json\/wp\/v2\/pages\/126","targetHints":{"allow":["GET"]}}],"collection":[{"href":"https:\/\/amocdmx.travel\/guia-comida-callejera\/wp-json\/wp\/v2\/pages"}],"about":[{"href":"https:\/\/amocdmx.travel\/guia-comida-callejera\/wp-json\/wp\/v2\/types\/page"}],"author":[{"embeddable":true,"href":"https:\/\/amocdmx.travel\/guia-comida-callejera\/wp-json\/wp\/v2\/users\/4"}],"replies":[{"embeddable":true,"href":"https:\/\/amocdmx.travel\/guia-comida-callejera\/wp-json\/wp\/v2\/comments?post=126"}],"version-history":[{"count":3,"href":"https:\/\/amocdmx.travel\/guia-comida-callejera\/wp-json\/wp\/v2\/pages\/126\/revisions"}],"predecessor-version":[{"id":160,"href":"https:\/\/amocdmx.travel\/guia-comida-callejera\/wp-json\/wp\/v2\/pages\/126\/revisions\/160"}],"wp:featuredmedia":[{"embeddable":true,"href":"https:\/\/amocdmx.travel\/guia-comida-callejera\/wp-json\/wp\/v2\/media\/347"}],"wp:attachment":[{"href":"https:\/\/amocdmx.travel\/guia-comida-callejera\/wp-json\/wp\/v2\/media?parent=126"}],"curies":[{"name":"wp","href":"https:\/\/api.w.org\/{rel}","templated":true}]}}